{"id":15,"date":"2024-01-19T23:05:49","date_gmt":"2024-01-20T02:05:49","guid":{"rendered":"https:\/\/www.exactaaduana.com.br\/?page_id=15"},"modified":"2024-07-04T08:58:41","modified_gmt":"2024-07-04T11:58:41","slug":"home","status":"publish","type":"page","link":"https:\/\/www.exactaaduana.com.br\/en\/","title":{"rendered":"Home"},"content":{"rendered":"<div data-elementor-type=\"wp-page\" data-elementor-id=\"15\" class=\"elementor elementor-15\" data-elementor-post-type=\"page\">\n\t\t\t\t<div class=\"elementor-element elementor-element-18a4905 e-con-full elementor-hidden-mobile e-flex e-con e-parent\" data-id=\"18a4905\" data-element_type=\"container\">\n\t\t\t\t<\/div>\n\t\t<div class=\"elementor-element elementor-element-d412a12 elementor-hidden-desktop elementor-hidden-tablet e-con-full e-flex e-con e-parent\" data-id=\"d412a12\" data-element_type=\"container\">\n\t\t<div class=\"elementor-element elementor-element-ce0cbef e-flex e-con-boxed e-con e-child\" data-id=\"ce0cbef\" data-element_type=\"container\">\n\t\t\t\t\t<div class=\"e-con-inner\">\n\t\t\t\t<div class=\"elementor-element elementor-element-7e9242c elementor-widget elementor-widget-image-carousel\" data-id=\"7e9242c\" data-element_type=\"widget\" data-settings=\"{&quot;slides_to_show&quot;:&quot;1&quot;,&quot;navigation&quot;:&quot;none&quot;,&quot;autoplay_speed&quot;:65000,&quot;effect&quot;:&quot;fade&quot;,&quot;speed&quot;:1200,&quot;autoplay&quot;:&quot;yes&quot;,&quot;pause_on_hover&quot;:&quot;yes&quot;,&quot;pause_on_interaction&quot;:&quot;yes&quot;,&quot;infinite&quot;:&quot;yes&quot;}\" data-widget_type=\"image-carousel.default\">\n\t\t\t\t<div class=\"elementor-widget-container\">\n\t\t\t\t\t\t\t<div class=\"elementor-image-carousel-wrapper swiper\" role=\"region\" aria-roledescription=\"carousel\" aria-label=\"Image Carousel\" dir=\"ltr\">\n\t\t\t<div class=\"elementor-image-carousel swiper-wrapper\" aria-live=\"off\">\n\t\t\t\t\t\t\t\t<div class=\"swiper-slide\" role=\"group\" aria-roledescription=\"slide\" aria-label=\"1 of 8\"><figure class=\"swiper-slide-inner\"><img decoding=\"async\" class=\"swiper-slide-image\" src=\"https:\/\/www.exactaaduana.com.br\/wp-content\/uploads\/2024\/01\/600-coneectamos_sua_empresa_mundo.jpg\" alt=\"exacta despachos aduaneiros 44 anos\" \/><figcaption class=\"elementor-image-carousel-caption\">With experience accumulated since 1980 and as a commitment of always, to exact customs clearances throughout the national territory offering its clients conditions of provision of services in the foreign trade segment that includes from the customs clearances of export and import, to the regimes special customs procedures, such as the passage of goods through Brazilian territory to third countries and international logistics in all cases, to assess international trade and exchange.<\/figcaption><\/figure><\/div><div class=\"swiper-slide\" role=\"group\" aria-roledescription=\"slide\" aria-label=\"2 of 8\"><figure class=\"swiper-slide-inner\"><img decoding=\"async\" class=\"swiper-slide-image\" src=\"https:\/\/www.exactaaduana.com.br\/wp-content\/uploads\/2024\/02\/banner-mario-camargo.png\" alt=\"Exacta Mario Camargo\" \/><figcaption class=\"elementor-image-carousel-caption\">\"Para n\u00f3s o compromisso e a efici\u00eancia s\u00e3o fundamentais\"<br>\n- Mario Camargo<\/figcaption><\/figure><\/div><div class=\"swiper-slide\" role=\"group\" aria-roledescription=\"slide\" aria-label=\"3 of 8\"><figure class=\"swiper-slide-inner\"><img decoding=\"async\" class=\"swiper-slide-image\" src=\"https:\/\/www.exactaaduana.com.br\/wp-content\/uploads\/2024\/01\/exacta-trem.jpg\" alt=\"Nossos Servi\u00e7os\" \/><figcaption class=\"elementor-image-carousel-caption\"><h4>Nossos Servi\u00e7os<\/h4>\n<br>\n- Importa\u00e7\u00e3o<br>\n- Exporta\u00e7\u00e3o<br>\n- Regimes Especiais<br>\n- Log\u00edstica<br>\n- C\u00e2mbio<\/figcaption><\/figure><\/div><div class=\"swiper-slide\" role=\"group\" aria-roledescription=\"slide\" aria-label=\"4 of 8\"><figure class=\"swiper-slide-inner\"><img decoding=\"async\" class=\"swiper-slide-image\" src=\"https:\/\/www.exactaaduana.com.br\/wp-content\/uploads\/2024\/01\/600-navio-exacta-exportacao.jpg\" alt=\"Exacta Importa\u00e7\u00e3o\" \/><figcaption class=\"elementor-image-carousel-caption\"><h4>Exacta Importa\u00e7\u00e3o<\/h4>\n\n- Preparation of the Import Declaration with the calculation of applicable taxes.<br>\n- Preparation of Import Licenses and monitoring of approval with the intervening bodies.<br>\n- Analysis of all import documentation.<br>\n-Monitoring customs clearance of imports until their effective release.<br>\n- Contracting international freight with freight agents both in Brazil and abroad.<br>\n- Assistance in import operations within the Ex-Tariff regime.\n<br><\/figcaption><\/figure><\/div><div class=\"swiper-slide\" role=\"group\" aria-roledescription=\"slide\" aria-label=\"5 of 8\"><figure class=\"swiper-slide-inner\"><img decoding=\"async\" class=\"swiper-slide-image\" src=\"https:\/\/www.exactaaduana.com.br\/wp-content\/uploads\/2024\/01\/600-caminhao-exacta-expo.jpg\" alt=\"Exacta exporta\u00e7\u00e3o\" \/><figcaption class=\"elementor-image-carousel-caption\"><h4>Exacta Exporta\u00e7\u00e3o<\/h4>\n- Confec\u00e7\u00e3o de Licen\u00e7as de Exporta\u00e7\u00e3o e acompanhamento do deferimento junto aos \u00f3rg\u00e3os intervenientes.<br>\n(LPCO \"S).<br>\n- An\u00e1lise de toda documenta\u00e7\u00e3o de exporta\u00e7\u00e3o. <br>\n- Acompanhamento do desembara\u00e7o aduaneiro de exporta\u00e7\u00e3o at\u00e9 sua efetiva libera\u00e7\u00e3o.\nContrata\u00e7\u00e3o de fretes internacionais junto a agentes de cargas tanto no Brasil quanto no exterior.\n<br>\n- Assistance in import operations within the Ex-Tariff regime.\n<br>\n- Step-by-step monitoring and verification of documentation, guidance on current legislation.\n<br>\n- Special advice for exports in the DUE system, including fractional export operations.<\/figcaption><\/figure><\/div><div class=\"swiper-slide\" role=\"group\" aria-roledescription=\"slide\" aria-label=\"6 of 8\"><figure class=\"swiper-slide-inner\"><img decoding=\"async\" class=\"swiper-slide-image\" src=\"https:\/\/www.exactaaduana.com.br\/wp-content\/uploads\/2024\/01\/600-regime-especiais-exacta.jpg\" alt=\"Regimes especiais exacta\" \/><figcaption class=\"elementor-image-carousel-caption\"><h4>Exacta Regimes Especiais<\/h4>\n\n- Customs Transit.<br>\n- Admiss\u00e3o<br> Tempor\u00e1ria.<br>\n- Temporary Export for Passive Improvement.<br>\n- Customs Warehousing.<br>\n- Drawback.<br>\n- Atypical Customs Regimes.<br>\n- DAC Certified Bonded Deposit.<br>\n- Dep\u00f3sito Especial Alfandegado DEA.<br><\/figcaption><\/figure><\/div><div class=\"swiper-slide\" role=\"group\" aria-roledescription=\"slide\" aria-label=\"7 of 8\"><figure class=\"swiper-slide-inner\"><img decoding=\"async\" class=\"swiper-slide-image\" src=\"https:\/\/www.exactaaduana.com.br\/wp-content\/uploads\/2024\/02\/nova_imagem_exacta_aviao.jpg\" alt=\"Exacta Log\" \/><figcaption class=\"elementor-image-carousel-caption\"><h4>Exacta Log <\/h4>\nComplementing its activities in the customs segment, Exacta focused, in its process of participation in the context of international trade, on a very important aspect of its dynamics, which is represented by logistics. And in this context, EXACTA LOG came to fill this space, offering its customers all its expertise in terms of better logistics for their operations, including everything from transport in general - sea, road and air - to movement , storage and delivery of merchandise.<\/figcaption><\/figure><\/div><div class=\"swiper-slide\" role=\"group\" aria-roledescription=\"slide\" aria-label=\"8 of 8\"><figure class=\"swiper-slide-inner\"><img decoding=\"async\" class=\"swiper-slide-image\" src=\"https:\/\/www.exactaaduana.com.br\/wp-content\/uploads\/2024\/01\/600-imagem-exacta-cambio.jpg\" alt=\"Exacta C\u00e2mbios Exchange\" \/><figcaption class=\"elementor-image-carousel-caption\">Exporting or importing invariably leads to the exchange rate aspect whose dynamics, both internally and externally, require adequate assistance and which Exacta is able to offer. Consult us!<\/figcaption><\/figure><\/div>\t\t\t<\/div>\n\t\t\t\t\t\t\t\n\t\t\t\t\t\t\t\t\t<\/div>\n\t\t\t\t\t\t<\/div>\n\t\t\t\t<\/div>\n\t\t\t\t\t<\/div>\n\t\t\t\t<\/div>\n\t\t\t\t<\/div>\n\t\t\t\t<\/div>","protected":false},"excerpt":{"rendered":"<p>Com a experi\u00eancia acumulada desde 1980 e com o compromisso de sempre, a exacta despachos aduaneiros atua em todo o territ\u00f3rio nacional oferecendo a seus clientes condi\u00e7\u00f5es de presta\u00e7\u00e3o de servi\u00e7os no segmento do com\u00e9rcio exterior que compreende desde os despachos aduaneiros de exporta\u00e7\u00e3o e importa\u00e7\u00e3o, aos regimes aduaneiros especiais, como o tr\u00e2nsito de passagem [&hellip;]<\/p>","protected":false},"author":2,"featured_media":644,"parent":0,"menu_order":0,"comment_status":"closed","ping_status":"closed","template":"","meta":{"om_disable_all_campaigns":false,"_monsterinsights_skip_tracking":false,"_monsterinsights_sitenote_active":false,"_monsterinsights_sitenote_note":"","_monsterinsights_sitenote_category":0,"footnotes":""},"class_list":["post-15","page","type-page","status-publish","has-post-thumbnail","hentry"],"aioseo_notices":[],"_links":{"self":[{"href":"https:\/\/www.exactaaduana.com.br\/en\/wp-json\/wp\/v2\/pages\/15","targetHints":{"allow":["GET"]}}],"collection":[{"href":"https:\/\/www.exactaaduana.com.br\/en\/wp-json\/wp\/v2\/pages"}],"about":[{"href":"https:\/\/www.exactaaduana.com.br\/en\/wp-json\/wp\/v2\/types\/page"}],"author":[{"embeddable":true,"href":"https:\/\/www.exactaaduana.com.br\/en\/wp-json\/wp\/v2\/users\/2"}],"replies":[{"embeddable":true,"href":"https:\/\/www.exactaaduana.com.br\/en\/wp-json\/wp\/v2\/comments?post=15"}],"version-history":[{"count":183,"href":"https:\/\/www.exactaaduana.com.br\/en\/wp-json\/wp\/v2\/pages\/15\/revisions"}],"predecessor-version":[{"id":719,"href":"https:\/\/www.exactaaduana.com.br\/en\/wp-json\/wp\/v2\/pages\/15\/revisions\/719"}],"wp:featuredmedia":[{"embeddable":true,"href":"https:\/\/www.exactaaduana.com.br\/en\/wp-json\/wp\/v2\/media\/644"}],"wp:attachment":[{"href":"https:\/\/www.exactaaduana.com.br\/en\/wp-json\/wp\/v2\/media?parent=15"}],"curies":[{"name":"wp","href":"https:\/\/api.w.org\/{rel}","templated":true}]}}