{"id":434,"date":"2024-02-12T21:25:44","date_gmt":"2024-02-13T00:25:44","guid":{"rendered":"https:\/\/www.exactaaduana.com.br\/?page_id=434"},"modified":"2024-02-12T21:58:18","modified_gmt":"2024-02-13T00:58:18","slug":"importacao-2","status":"publish","type":"page","link":"https:\/\/www.exactaaduana.com.br\/en\/importacao-2\/","title":{"rendered":"Import"},"content":{"rendered":"<div data-elementor-type=\"wp-page\" data-elementor-id=\"434\" class=\"elementor elementor-434\" data-elementor-post-type=\"page\">\n\t\t\t\t<div class=\"elementor-element elementor-element-0755859 e-flex e-con-boxed e-con e-parent\" data-id=\"0755859\" data-element_type=\"container\">\n\t\t\t\t\t<div class=\"e-con-inner\">\n\t\t\t\t<div class=\"elementor-element elementor-element-1f5d084 elementor-widget elementor-widget-heading\" data-id=\"1f5d084\" data-element_type=\"widget\" data-widget_type=\"heading.default\">\n\t\t\t\t<div class=\"elementor-widget-container\">\n\t\t\t\t\t<h1 class=\"elementor-heading-title elementor-size-default\">Import<\/h1>\t\t\t\t<\/div>\n\t\t\t\t<\/div>\n\t\t\t\t\t<\/div>\n\t\t\t\t<\/div>\n\t\t<div class=\"elementor-element elementor-element-cba84c3 e-flex e-con-boxed e-con e-parent\" data-id=\"cba84c3\" data-element_type=\"container\">\n\t\t\t\t\t<div class=\"e-con-inner\">\n\t\t<div class=\"elementor-element elementor-element-e2a42f9 e-con-full e-flex e-con e-child\" data-id=\"e2a42f9\" data-element_type=\"container\">\n\t\t\t\t<div class=\"elementor-element elementor-element-1ab9b54 elementor-widget elementor-widget-image\" data-id=\"1ab9b54\" data-element_type=\"widget\" data-widget_type=\"image.default\">\n\t\t\t\t<div class=\"elementor-widget-container\">\n\t\t\t\t\t\t\t\t\t\t\t\t\t\t\t<img fetchpriority=\"high\" decoding=\"async\" width=\"600\" height=\"600\" src=\"https:\/\/www.exactaaduana.com.br\/wp-content\/uploads\/2024\/01\/600-navio-exacta-exportacao.jpg\" class=\"attachment-full size-full wp-image-112\" alt=\"Exacta Importa\u00e7\u00e3o\" srcset=\"https:\/\/www.exactaaduana.com.br\/wp-content\/uploads\/2024\/01\/600-navio-exacta-exportacao.jpg 600w, https:\/\/www.exactaaduana.com.br\/wp-content\/uploads\/2024\/01\/600-navio-exacta-exportacao-300x300.jpg 300w, https:\/\/www.exactaaduana.com.br\/wp-content\/uploads\/2024\/01\/600-navio-exacta-exportacao-150x150.jpg 150w, https:\/\/www.exactaaduana.com.br\/wp-content\/uploads\/2024\/01\/600-navio-exacta-exportacao-12x12.jpg 12w\" sizes=\"(max-width: 600px) 100vw, 600px\" \/>\t\t\t\t\t\t\t\t\t\t\t\t\t\t\t<\/div>\n\t\t\t\t<\/div>\n\t\t\t\t<\/div>\n\t\t<div class=\"elementor-element elementor-element-b8242f2 e-con-full e-flex e-con e-child\" data-id=\"b8242f2\" data-element_type=\"container\">\n\t\t\t\t<div class=\"elementor-element elementor-element-a896572 elementor-widget elementor-widget-text-editor\" data-id=\"a896572\" data-element_type=\"widget\" data-widget_type=\"text-editor.default\">\n\t\t\t\t<div class=\"elementor-widget-container\">\n\t\t\t\t\t\t\t\t\t<ul><li>- Preparation of the Import Declaration with the calculation of applicable taxes.<\/li><li>- Preparation of Import Licenses and monitoring of approval with the intervening bodies.<\/li><li>- Analysis of all import documentation.<\/li><li>-Monitoring customs clearance of imports until their effective release.<\/li><li>- Contracting international freight with freight agents both in Brazil and abroad.<\/li><li>- Assistance in import operations within the Ex-Tariff regime.<\/li><\/ul>\t\t\t\t\t\t\t\t<\/div>\n\t\t\t\t<\/div>\n\t\t\t\t<\/div>\n\t\t\t\t\t<\/div>\n\t\t\t\t<\/div>\n\t\t\t\t<\/div>","protected":false},"excerpt":{"rendered":"<p>Importa\u00e7\u00e3o Elabora\u00e7\u00e3o da Declara\u00e7\u00e3o de importa\u00e7\u00e3o com o c\u00e1lculo dos tributos incidentes. Confec\u00e7\u00e3o de Licen\u00e7as de Importa\u00e7\u00e3o e acompanhamento do deferimento junto aos \u00f3rg\u00e3os intervenientes. An\u00e1lise de toda documenta\u00e7\u00e3o de importa\u00e7\u00e3o. Acompanhamento do desembara\u00e7o aduaneiro de importa\u00e7\u00e3o at\u00e9 sua efetiva libera\u00e7\u00e3o. Contrata\u00e7\u00e3o de fretes internacionais junto a agentes de cargas tanto no Brasil quanto no [&hellip;]<\/p>","protected":false},"author":1,"featured_media":0,"parent":0,"menu_order":0,"comment_status":"closed","ping_status":"closed","template":"","meta":{"om_disable_all_campaigns":false,"_monsterinsights_skip_tracking":false,"_monsterinsights_sitenote_active":false,"_monsterinsights_sitenote_note":"","_monsterinsights_sitenote_category":0,"footnotes":""},"class_list":["post-434","page","type-page","status-publish","hentry"],"aioseo_notices":[],"_links":{"self":[{"href":"https:\/\/www.exactaaduana.com.br\/en\/wp-json\/wp\/v2\/pages\/434","targetHints":{"allow":["GET"]}}],"collection":[{"href":"https:\/\/www.exactaaduana.com.br\/en\/wp-json\/wp\/v2\/pages"}],"about":[{"href":"https:\/\/www.exactaaduana.com.br\/en\/wp-json\/wp\/v2\/types\/page"}],"author":[{"embeddable":true,"href":"https:\/\/www.exactaaduana.com.br\/en\/wp-json\/wp\/v2\/users\/1"}],"replies":[{"embeddable":true,"href":"https:\/\/www.exactaaduana.com.br\/en\/wp-json\/wp\/v2\/comments?post=434"}],"version-history":[{"count":16,"href":"https:\/\/www.exactaaduana.com.br\/en\/wp-json\/wp\/v2\/pages\/434\/revisions"}],"predecessor-version":[{"id":486,"href":"https:\/\/www.exactaaduana.com.br\/en\/wp-json\/wp\/v2\/pages\/434\/revisions\/486"}],"wp:attachment":[{"href":"https:\/\/www.exactaaduana.com.br\/en\/wp-json\/wp\/v2\/media?parent=434"}],"curies":[{"name":"wp","href":"https:\/\/api.w.org\/{rel}","templated":true}]}}