{"id":436,"date":"2024-02-12T21:25:55","date_gmt":"2024-02-13T00:25:55","guid":{"rendered":"https:\/\/www.exactaaduana.com.br\/?page_id=436"},"modified":"2024-03-11T11:07:33","modified_gmt":"2024-03-11T14:07:33","slug":"exportacao","status":"publish","type":"page","link":"https:\/\/www.exactaaduana.com.br\/en\/exportacao\/","title":{"rendered":"Export"},"content":{"rendered":"<div data-elementor-type=\"wp-page\" data-elementor-id=\"436\" class=\"elementor elementor-436\" data-elementor-post-type=\"page\">\n\t\t\t\t<div class=\"elementor-element elementor-element-4f248ea e-flex e-con-boxed e-con e-parent\" data-id=\"4f248ea\" data-element_type=\"container\">\n\t\t\t\t\t<div class=\"e-con-inner\">\n\t\t\t\t<div class=\"elementor-element elementor-element-7d86aa8 elementor-widget elementor-widget-heading\" data-id=\"7d86aa8\" data-element_type=\"widget\" data-widget_type=\"heading.default\">\n\t\t\t\t<div class=\"elementor-widget-container\">\n\t\t\t\t\t<h1 class=\"elementor-heading-title elementor-size-default\">Export<\/h1>\t\t\t\t<\/div>\n\t\t\t\t<\/div>\n\t\t\t\t\t<\/div>\n\t\t\t\t<\/div>\n\t\t<div class=\"elementor-element elementor-element-cd81497 e-flex e-con-boxed e-con e-parent\" data-id=\"cd81497\" data-element_type=\"container\">\n\t\t\t\t\t<div class=\"e-con-inner\">\n\t\t<div class=\"elementor-element elementor-element-bbd054d e-flex e-con-boxed e-con e-child\" data-id=\"bbd054d\" data-element_type=\"container\">\n\t\t\t\t\t<div class=\"e-con-inner\">\n\t\t<div class=\"elementor-element elementor-element-d815c0f e-con-full e-flex e-con e-child\" data-id=\"d815c0f\" data-element_type=\"container\">\n\t\t\t\t<div class=\"elementor-element elementor-element-2a72109 elementor-widget elementor-widget-image\" data-id=\"2a72109\" data-element_type=\"widget\" data-widget_type=\"image.default\">\n\t\t\t\t<div class=\"elementor-widget-container\">\n\t\t\t\t\t\t\t\t\t\t\t\t\t\t\t<img fetchpriority=\"high\" decoding=\"async\" width=\"600\" height=\"600\" src=\"https:\/\/www.exactaaduana.com.br\/wp-content\/uploads\/2024\/01\/600-caminhao-exacta-expo.jpg\" class=\"attachment-full size-full wp-image-113\" alt=\"Exacta exporta\u00e7\u00e3o\" srcset=\"https:\/\/www.exactaaduana.com.br\/wp-content\/uploads\/2024\/01\/600-caminhao-exacta-expo.jpg.webp 600w, https:\/\/www.exactaaduana.com.br\/wp-content\/uploads\/2024\/01\/600-caminhao-exacta-expo-300x300.jpg.webp 300w, https:\/\/www.exactaaduana.com.br\/wp-content\/uploads\/2024\/01\/600-caminhao-exacta-expo-150x150.jpg.webp 150w, https:\/\/www.exactaaduana.com.br\/wp-content\/uploads\/2024\/01\/600-caminhao-exacta-expo-12x12.jpg.webp 12w\" sizes=\"(max-width: 600px) 100vw, 600px\" \/>\t\t\t\t\t\t\t\t\t\t\t\t\t\t\t<\/div>\n\t\t\t\t<\/div>\n\t\t\t\t<\/div>\n\t\t<div class=\"elementor-element elementor-element-74f3ed0 e-con-full e-flex e-con e-child\" data-id=\"74f3ed0\" data-element_type=\"container\">\n\t\t\t\t<div class=\"elementor-element elementor-element-0742eeb elementor-widget elementor-widget-text-editor\" data-id=\"0742eeb\" data-element_type=\"widget\" data-widget_type=\"text-editor.default\">\n\t\t\t\t<div class=\"elementor-widget-container\">\n\t\t\t\t\t\t\t\t\t<ul><li>- Preparation of Export Licenses and monitoring of approval with the intervening bodies. (LPCO \"S).<\/li><li>- Analysis of all import documentation.<\/li><li>-Monitoring customs clearance of imports until their effective release.<\/li><li>- Contracting international freight with freight agents both in Brazil and abroad.<\/li><li>\u00a0Assessoria nos regimes especiais previsto no regulamento aduaneiro : Exporta\u00e7\u00e3o tempor\u00e1ria , Aperfei\u00e7oamento do passivo, Amostras sem valor comercial, Exporta\u00e7\u00e3o para\u00a0testes,\u00a0etc&#8230;.<\/li><li>- Step-by-step monitoring and verification of documentation, guidance on current legislation.<\/li><li>- Special advice for exports in the DUE system, including fractional export operations.<\/li><\/ul>\t\t\t\t\t\t\t\t<\/div>\n\t\t\t\t<\/div>\n\t\t\t\t<\/div>\n\t\t\t\t\t<\/div>\n\t\t\t\t<\/div>\n\t\t\t\t\t<\/div>\n\t\t\t\t<\/div>\n\t\t\t\t<\/div>","protected":false},"excerpt":{"rendered":"<p>Exporta\u00e7\u00e3o Confec\u00e7\u00e3o de Licen\u00e7as de Exporta\u00e7\u00e3o e acompanhamento do deferimento junto aos org\u00e3os intervenientes. (LPCO &#8220;S). An\u00e1lise de toda documenta\u00e7\u00e3o de exporta\u00e7\u00e3o. Acompanhamento do desembara\u00e7o aduaneiro de exporta\u00e7\u00e3o at\u00e9 sua efetiva libera\u00e7\u00e3o. Contrata\u00e7\u00e3o de fretes internacionais junto a agentes de cargas tanto no Brasil quanto no exterior. \u00a0Assessoria nos regimes especiais previsto no regulamento aduaneiro [&hellip;]<\/p>","protected":false},"author":1,"featured_media":0,"parent":0,"menu_order":0,"comment_status":"closed","ping_status":"closed","template":"","meta":{"om_disable_all_campaigns":false,"_monsterinsights_skip_tracking":false,"_monsterinsights_sitenote_active":false,"_monsterinsights_sitenote_note":"","_monsterinsights_sitenote_category":0,"footnotes":""},"class_list":["post-436","page","type-page","status-publish","hentry"],"aioseo_notices":[],"_links":{"self":[{"href":"https:\/\/www.exactaaduana.com.br\/en\/wp-json\/wp\/v2\/pages\/436","targetHints":{"allow":["GET"]}}],"collection":[{"href":"https:\/\/www.exactaaduana.com.br\/en\/wp-json\/wp\/v2\/pages"}],"about":[{"href":"https:\/\/www.exactaaduana.com.br\/en\/wp-json\/wp\/v2\/types\/page"}],"author":[{"embeddable":true,"href":"https:\/\/www.exactaaduana.com.br\/en\/wp-json\/wp\/v2\/users\/1"}],"replies":[{"embeddable":true,"href":"https:\/\/www.exactaaduana.com.br\/en\/wp-json\/wp\/v2\/comments?post=436"}],"version-history":[{"count":10,"href":"https:\/\/www.exactaaduana.com.br\/en\/wp-json\/wp\/v2\/pages\/436\/revisions"}],"predecessor-version":[{"id":635,"href":"https:\/\/www.exactaaduana.com.br\/en\/wp-json\/wp\/v2\/pages\/436\/revisions\/635"}],"wp:attachment":[{"href":"https:\/\/www.exactaaduana.com.br\/en\/wp-json\/wp\/v2\/media?parent=436"}],"curies":[{"name":"wp","href":"https:\/\/api.w.org\/{rel}","templated":true}]}}