{"id":136,"date":"2024-01-24T00:16:50","date_gmt":"2024-01-24T03:16:50","guid":{"rendered":"https:\/\/www.exactaaduana.com.br\/?page_id=136"},"modified":"2025-04-17T15:36:02","modified_gmt":"2025-04-17T18:36:02","slug":"sobre-nos","status":"publish","type":"page","link":"https:\/\/www.exactaaduana.com.br\/es\/sobre-nos\/","title":{"rendered":"Sobre Nosotros"},"content":{"rendered":"<div data-elementor-type=\"wp-page\" data-elementor-id=\"136\" class=\"elementor elementor-136\" data-elementor-post-type=\"page\">\n\t\t\t\t<div class=\"elementor-element elementor-element-7a52b6c e-flex e-con-boxed e-con e-parent\" data-id=\"7a52b6c\" data-element_type=\"container\">\n\t\t\t\t\t<div class=\"e-con-inner\">\n\t\t\t\t<div class=\"elementor-element elementor-element-371476c elementor-widget elementor-widget-heading\" data-id=\"371476c\" data-element_type=\"widget\" data-widget_type=\"heading.default\">\n\t\t\t\t<div class=\"elementor-widget-container\">\n\t\t\t\t\t<h1 class=\"elementor-heading-title elementor-size-default\">Sobre Nosotros<\/h1>\t\t\t\t<\/div>\n\t\t\t\t<\/div>\n\t\t\t\t\t<\/div>\n\t\t\t\t<\/div>\n\t\t<div class=\"elementor-element elementor-element-378aea1 e-con-full e-flex e-con e-parent\" data-id=\"378aea1\" data-element_type=\"container\">\n\t\t<div class=\"elementor-element elementor-element-0964cc3 e-con-full e-flex e-con e-child\" data-id=\"0964cc3\" data-element_type=\"container\">\n\t\t\t\t<div class=\"elementor-element elementor-element-77803f2 elementor-widget elementor-widget-video\" data-id=\"77803f2\" data-element_type=\"widget\" data-settings=\"{&quot;video_type&quot;:&quot;hosted&quot;,&quot;mute&quot;:&quot;yes&quot;,&quot;controls&quot;:&quot;yes&quot;}\" data-widget_type=\"video.default\">\n\t\t\t\t<div class=\"elementor-widget-container\">\n\t\t\t\t\t\t\t<div class=\"e-hosted-video elementor-wrapper elementor-open-inline\">\n\t\t\t\t\t<video class=\"elementor-video\" src=\"https:\/\/www.exactaaduana.com.br\/wp-content\/uploads\/2024\/07\/APRESENTACAO-EXACTA.mp4\" controls=\"\" preload=\"metadata\" muted=\"muted\" controlslist=\"nodownload\"><\/video>\n\t\t\t\t<\/div>\n\t\t\t\t\t\t<\/div>\n\t\t\t\t<\/div>\n\t\t\t\t<\/div>\n\t\t<div class=\"elementor-element elementor-element-f6ef9f9 e-con-full e-flex e-con e-child\" data-id=\"f6ef9f9\" data-element_type=\"container\">\n\t\t<div class=\"elementor-element elementor-element-8bb1e73 e-con-full e-flex e-con e-child\" data-id=\"8bb1e73\" data-element_type=\"container\">\n\t\t\t\t<div class=\"elementor-element elementor-element-a745868 elementor-widget elementor-widget-image\" data-id=\"a745868\" data-element_type=\"widget\" data-widget_type=\"image.default\">\n\t\t\t\t<div class=\"elementor-widget-container\">\n\t\t\t\t\t\t\t\t\t\t\t\t\t\t\t<img decoding=\"async\" width=\"125\" height=\"125\" src=\"https:\/\/www.exactaaduana.com.br\/wp-content\/uploads\/2024\/02\/missao.jpg\" class=\"attachment-thumbnail size-thumbnail wp-image-179\" alt=\"\" srcset=\"https:\/\/www.exactaaduana.com.br\/wp-content\/uploads\/2024\/02\/missao.jpg 125w, https:\/\/www.exactaaduana.com.br\/wp-content\/uploads\/2024\/02\/missao-12x12.jpg 12w\" sizes=\"(max-width: 125px) 100vw, 125px\" \/>\t\t\t\t\t\t\t\t\t\t\t\t\t\t\t<\/div>\n\t\t\t\t<\/div>\n\t\t<div class=\"elementor-element elementor-element-dba4afb e-flex e-con-boxed e-con e-child\" data-id=\"dba4afb\" data-element_type=\"container\">\n\t\t\t\t\t<div class=\"e-con-inner\">\n\t\t\t\t<div class=\"elementor-element elementor-element-0263ffc elementor-widget elementor-widget-heading\" data-id=\"0263ffc\" data-element_type=\"widget\" data-widget_type=\"heading.default\">\n\t\t\t\t<div class=\"elementor-widget-container\">\n\t\t\t\t\t<h2 class=\"elementor-heading-title elementor-size-default\">Misi\u00f3n<\/h2>\t\t\t\t<\/div>\n\t\t\t\t<\/div>\n\t\t\t\t<div class=\"elementor-element elementor-element-fb1e860 elementor-widget elementor-widget-text-editor\" data-id=\"fb1e860\" data-element_type=\"widget\" data-widget_type=\"text-editor.default\">\n\t\t\t\t<div class=\"elementor-widget-container\">\n\t\t\t\t\t\t\t\t\taduanas, log\u00edstica, nacional e internacional, con enfoque en las personas y el desarrollo empresarial\t\t\t\t\t\t\t\t<\/div>\n\t\t\t\t<\/div>\n\t\t\t\t\t<\/div>\n\t\t\t\t<\/div>\n\t\t\t\t<\/div>\n\t\t<div class=\"elementor-element elementor-element-eaff6a1 e-flex e-con-boxed e-con e-child\" data-id=\"eaff6a1\" data-element_type=\"container\">\n\t\t\t\t\t<div class=\"e-con-inner\">\n\t\t\t\t<div class=\"elementor-element elementor-element-efff19f elementor-widget elementor-widget-image\" data-id=\"efff19f\" data-element_type=\"widget\" data-widget_type=\"image.default\">\n\t\t\t\t<div class=\"elementor-widget-container\">\n\t\t\t\t\t\t\t\t\t\t\t\t\t\t\t<img decoding=\"async\" width=\"125\" height=\"125\" src=\"https:\/\/www.exactaaduana.com.br\/wp-content\/uploads\/2024\/02\/visao.jpg\" class=\"attachment-thumbnail size-thumbnail wp-image-178\" alt=\"\" srcset=\"https:\/\/www.exactaaduana.com.br\/wp-content\/uploads\/2024\/02\/visao.jpg 125w, https:\/\/www.exactaaduana.com.br\/wp-content\/uploads\/2024\/02\/visao-12x12.jpg 12w\" sizes=\"(max-width: 125px) 100vw, 125px\" \/>\t\t\t\t\t\t\t\t\t\t\t\t\t\t\t<\/div>\n\t\t\t\t<\/div>\n\t\t<div class=\"elementor-element elementor-element-5bf602b e-flex e-con-boxed e-con e-child\" data-id=\"5bf602b\" data-element_type=\"container\">\n\t\t\t\t\t<div class=\"e-con-inner\">\n\t\t\t\t<div class=\"elementor-element elementor-element-61e1ae9 elementor-widget elementor-widget-heading\" data-id=\"61e1ae9\" data-element_type=\"widget\" data-widget_type=\"heading.default\">\n\t\t\t\t<div class=\"elementor-widget-container\">\n\t\t\t\t\t<h2 class=\"elementor-heading-title elementor-size-default\">Visi\u00f3n<\/h2>\t\t\t\t<\/div>\n\t\t\t\t<\/div>\n\t\t\t\t<div class=\"elementor-element elementor-element-f4b16b9 elementor-widget elementor-widget-text-editor\" data-id=\"f4b16b9\" data-element_type=\"widget\" data-widget_type=\"text-editor.default\">\n\t\t\t\t<div class=\"elementor-widget-container\">\n\t\t\t\t\t\t\t\t\t<p>Ser uma empresa refer\u00eancia nacional pela excel\u00eancia dos servi\u00e7os prestados, valorizando a evolu\u00e7\u00e3o das pessoas e, indispens\u00e1vel, a busca da constante inova\u00e7\u00e3o.<\/p>\t\t\t\t\t\t\t\t<\/div>\n\t\t\t\t<\/div>\n\t\t\t\t\t<\/div>\n\t\t\t\t<\/div>\n\t\t\t\t\t<\/div>\n\t\t\t\t<\/div>\n\t\t<div class=\"elementor-element elementor-element-3021e75 e-flex e-con-boxed e-con e-child\" data-id=\"3021e75\" data-element_type=\"container\">\n\t\t\t\t\t<div class=\"e-con-inner\">\n\t\t\t\t<div class=\"elementor-element elementor-element-2f6a6b5 elementor-widget elementor-widget-image\" data-id=\"2f6a6b5\" data-element_type=\"widget\" data-widget_type=\"image.default\">\n\t\t\t\t<div class=\"elementor-widget-container\">\n\t\t\t\t\t\t\t\t\t\t\t\t\t\t\t<img decoding=\"async\" width=\"125\" height=\"125\" src=\"https:\/\/www.exactaaduana.com.br\/wp-content\/uploads\/2024\/02\/valores.jpg\" class=\"attachment-thumbnail size-thumbnail wp-image-177\" alt=\"\" srcset=\"https:\/\/www.exactaaduana.com.br\/wp-content\/uploads\/2024\/02\/valores.jpg 125w, https:\/\/www.exactaaduana.com.br\/wp-content\/uploads\/2024\/02\/valores-12x12.jpg 12w\" sizes=\"(max-width: 125px) 100vw, 125px\" \/>\t\t\t\t\t\t\t\t\t\t\t\t\t\t\t<\/div>\n\t\t\t\t<\/div>\n\t\t<div class=\"elementor-element elementor-element-620ef62 e-flex e-con-boxed e-con e-child\" data-id=\"620ef62\" data-element_type=\"container\">\n\t\t\t\t\t<div class=\"e-con-inner\">\n\t\t\t\t<div class=\"elementor-element elementor-element-804b074 elementor-widget elementor-widget-heading\" data-id=\"804b074\" data-element_type=\"widget\" data-widget_type=\"heading.default\">\n\t\t\t\t<div class=\"elementor-widget-container\">\n\t\t\t\t\t<h2 class=\"elementor-heading-title elementor-size-default\"><span style=\"font-size: 2rem\">Valores<\/span><\/h2>\t\t\t\t<\/div>\n\t\t\t\t<\/div>\n\t\t\t\t<div class=\"elementor-element elementor-element-615c310 elementor-widget elementor-widget-text-editor\" data-id=\"615c310\" data-element_type=\"widget\" data-widget_type=\"text-editor.default\">\n\t\t\t\t<div class=\"elementor-widget-container\">\n\t\t\t\t\t\t\t\t\t<p>1. La preponderancia de la fe y la gratitud a Dios.<br \/><br \/>2. Valorar a la familia, como pilar de la sociedad.<br \/><br \/>3. Honestidad, \u00e9tica y compromiso.<br \/><br \/>4 Compromiso con los profesionales, clientes y socios de la empresa.<br \/><br \/>5. B\u00fasqueda incesante de formaci\u00f3n.<br \/><br \/>6. Promover la innovaci\u00f3n y las tecnolog\u00edas aplicadas al comercio internacional.<br \/>7. Objetividad y transparencia en las comunicaciones.<br \/>8. Cumplir la misi\u00f3n dentro de las metas establecidas.<\/p>\t\t\t\t\t\t\t\t<\/div>\n\t\t\t\t<\/div>\n\t\t\t\t\t<\/div>\n\t\t\t\t<\/div>\n\t\t\t\t\t<\/div>\n\t\t\t\t<\/div>\n\t\t<div class=\"elementor-element elementor-element-ec01f01 e-flex e-con-boxed e-con e-child\" data-id=\"ec01f01\" data-element_type=\"container\">\n\t\t\t\t\t<div class=\"e-con-inner\">\n\t\t\t\t<div class=\"elementor-element elementor-element-8aae3ce elementor-widget elementor-widget-image\" data-id=\"8aae3ce\" data-element_type=\"widget\" data-widget_type=\"image.default\">\n\t\t\t\t<div class=\"elementor-widget-container\">\n\t\t\t\t\t\t\t\t\t\t\t\t\t\t\t<img loading=\"lazy\" decoding=\"async\" width=\"125\" height=\"125\" src=\"https:\/\/www.exactaaduana.com.br\/wp-content\/uploads\/2024\/02\/proposito.png\" class=\"attachment-thumbnail size-thumbnail wp-image-180\" alt=\"\" srcset=\"https:\/\/www.exactaaduana.com.br\/wp-content\/uploads\/2024\/02\/proposito.png 125w, https:\/\/www.exactaaduana.com.br\/wp-content\/uploads\/2024\/02\/proposito-12x12.png 12w\" sizes=\"(max-width: 125px) 100vw, 125px\" \/>\t\t\t\t\t\t\t\t\t\t\t\t\t\t\t<\/div>\n\t\t\t\t<\/div>\n\t\t<div class=\"elementor-element elementor-element-a7adc56 e-flex e-con-boxed e-con e-child\" data-id=\"a7adc56\" data-element_type=\"container\">\n\t\t\t\t\t<div class=\"e-con-inner\">\n\t\t\t\t<div class=\"elementor-element elementor-element-aa26b9e elementor-widget elementor-widget-heading\" data-id=\"aa26b9e\" data-element_type=\"widget\" data-widget_type=\"heading.default\">\n\t\t\t\t<div class=\"elementor-widget-container\">\n\t\t\t\t\t<h2 class=\"elementor-heading-title elementor-size-default\">Objetivo<\/h2>\t\t\t\t<\/div>\n\t\t\t\t<\/div>\n\t\t\t\t<div class=\"elementor-element elementor-element-d7a019b elementor-widget elementor-widget-text-editor\" data-id=\"d7a019b\" data-element_type=\"widget\" data-widget_type=\"text-editor.default\">\n\t\t\t\t<div class=\"elementor-widget-container\">\n\t\t\t\t\t\t\t\t\t<p>B\u00fasqueda continua de soluciones en las actividades de comercio internacional.<\/p>\t\t\t\t\t\t\t\t<\/div>\n\t\t\t\t<\/div>\n\t\t\t\t\t<\/div>\n\t\t\t\t<\/div>\n\t\t\t\t\t<\/div>\n\t\t\t\t<\/div>\n\t\t\t\t<\/div>\n\t\t\t\t<\/div>\n\t\t\t\t<\/div>","protected":false},"excerpt":{"rendered":"<p>Sobre N\u00f3s https:\/\/www.exactaaduana.com.br\/wp-content\/uploads\/2024\/07\/APRESENTACAO-EXACTA.mp4 Miss\u00e3o Prestar servi\u00e7os na \u00e1rea de despachos e assessoria aduaneira, log\u00edstica, nacional e internacional, com foco no desenvolvimento de pessoas e neg\u00f3cios Vis\u00e3o Ser uma empresa refer\u00eancia nacional pela excel\u00eancia dos servi\u00e7os prestados, valorizando a evolu\u00e7\u00e3o das pessoas e, indispens\u00e1vel, a busca da constante inova\u00e7\u00e3o. Valores 1. A preponder\u00e2ncia da f\u00e9 e [&hellip;]<\/p>","protected":false},"author":1,"featured_media":0,"parent":0,"menu_order":0,"comment_status":"closed","ping_status":"closed","template":"","meta":{"om_disable_all_campaigns":false,"_monsterinsights_skip_tracking":false,"_monsterinsights_sitenote_active":false,"_monsterinsights_sitenote_note":"","_monsterinsights_sitenote_category":0,"footnotes":""},"class_list":["post-136","page","type-page","status-publish","hentry"],"aioseo_notices":[],"_links":{"self":[{"href":"https:\/\/www.exactaaduana.com.br\/es\/wp-json\/wp\/v2\/pages\/136","targetHints":{"allow":["GET"]}}],"collection":[{"href":"https:\/\/www.exactaaduana.com.br\/es\/wp-json\/wp\/v2\/pages"}],"about":[{"href":"https:\/\/www.exactaaduana.com.br\/es\/wp-json\/wp\/v2\/types\/page"}],"author":[{"embeddable":true,"href":"https:\/\/www.exactaaduana.com.br\/es\/wp-json\/wp\/v2\/users\/1"}],"replies":[{"embeddable":true,"href":"https:\/\/www.exactaaduana.com.br\/es\/wp-json\/wp\/v2\/comments?post=136"}],"version-history":[{"count":49,"href":"https:\/\/www.exactaaduana.com.br\/es\/wp-json\/wp\/v2\/pages\/136\/revisions"}],"predecessor-version":[{"id":779,"href":"https:\/\/www.exactaaduana.com.br\/es\/wp-json\/wp\/v2\/pages\/136\/revisions\/779"}],"wp:attachment":[{"href":"https:\/\/www.exactaaduana.com.br\/es\/wp-json\/wp\/v2\/media?parent=136"}],"curies":[{"name":"wp","href":"https:\/\/api.w.org\/{rel}","templated":true}]}}