{"id":438,"date":"2024-02-12T21:26:13","date_gmt":"2024-02-13T00:26:13","guid":{"rendered":"https:\/\/www.exactaaduana.com.br\/?page_id=438"},"modified":"2024-02-12T21:44:57","modified_gmt":"2024-02-13T00:44:57","slug":"regimes-especiais","status":"publish","type":"page","link":"https:\/\/www.exactaaduana.com.br\/es\/regimes-especiais\/","title":{"rendered":"Reg\u00edmenes Especiales"},"content":{"rendered":"<div data-elementor-type=\"wp-page\" data-elementor-id=\"438\" class=\"elementor elementor-438\" data-elementor-post-type=\"page\">\n\t\t\t\t<div class=\"elementor-element elementor-element-c4b400b e-flex e-con-boxed e-con e-parent\" data-id=\"c4b400b\" data-element_type=\"container\">\n\t\t\t\t\t<div class=\"e-con-inner\">\n\t\t\t\t<div class=\"elementor-element elementor-element-a61010c elementor-widget elementor-widget-heading\" data-id=\"a61010c\" data-element_type=\"widget\" data-widget_type=\"heading.default\">\n\t\t\t\t<div class=\"elementor-widget-container\">\n\t\t\t\t\t<h1 class=\"elementor-heading-title elementor-size-default\">Reg\u00edmenes Especiales<\/h1>\t\t\t\t<\/div>\n\t\t\t\t<\/div>\n\t\t\t\t\t<\/div>\n\t\t\t\t<\/div>\n\t\t<div class=\"elementor-element elementor-element-7bee816 e-flex e-con-boxed e-con e-parent\" data-id=\"7bee816\" data-element_type=\"container\">\n\t\t\t\t\t<div class=\"e-con-inner\">\n\t\t<div class=\"elementor-element elementor-element-6105001 e-flex e-con-boxed e-con e-child\" data-id=\"6105001\" data-element_type=\"container\">\n\t\t\t\t\t<div class=\"e-con-inner\">\n\t\t<div class=\"elementor-element elementor-element-f39807d e-con-full e-flex e-con e-child\" data-id=\"f39807d\" data-element_type=\"container\">\n\t\t\t\t<div class=\"elementor-element elementor-element-ae86147 elementor-widget elementor-widget-image\" data-id=\"ae86147\" data-element_type=\"widget\" data-widget_type=\"image.default\">\n\t\t\t\t<div class=\"elementor-widget-container\">\n\t\t\t\t\t\t\t\t\t\t\t\t\t\t\t<img fetchpriority=\"high\" decoding=\"async\" width=\"600\" height=\"600\" src=\"https:\/\/www.exactaaduana.com.br\/wp-content\/uploads\/2024\/01\/600-regime-especiais-exacta.jpg\" class=\"attachment-full size-full wp-image-114\" alt=\"Regimes especiais exacta\" srcset=\"https:\/\/www.exactaaduana.com.br\/wp-content\/uploads\/2024\/01\/600-regime-especiais-exacta.jpg 600w, https:\/\/www.exactaaduana.com.br\/wp-content\/uploads\/2024\/01\/600-regime-especiais-exacta-300x300.jpg 300w, https:\/\/www.exactaaduana.com.br\/wp-content\/uploads\/2024\/01\/600-regime-especiais-exacta-150x150.jpg 150w, https:\/\/www.exactaaduana.com.br\/wp-content\/uploads\/2024\/01\/600-regime-especiais-exacta-12x12.jpg 12w\" sizes=\"(max-width: 600px) 100vw, 600px\" \/>\t\t\t\t\t\t\t\t\t\t\t\t\t\t\t<\/div>\n\t\t\t\t<\/div>\n\t\t\t\t<\/div>\n\t\t<div class=\"elementor-element elementor-element-d40d2d1 e-con-full e-flex e-con e-child\" data-id=\"d40d2d1\" data-element_type=\"container\">\n\t\t\t\t<div class=\"elementor-element elementor-element-9cbdedc elementor-widget elementor-widget-text-editor\" data-id=\"9cbdedc\" data-element_type=\"widget\" data-widget_type=\"text-editor.default\">\n\t\t\t\t<div class=\"elementor-widget-container\">\n\t\t\t\t\t\t\t\t\t<ul><li>Transito Aduaneiro.<\/li><li>Admiss\u00e3o Tempor\u00e1ria.<\/li><li>Exporta\u00e7\u00e3o Tempor\u00e1ria.<\/li><li>Exporta\u00e7\u00e3o Tempor\u00e1ria para aperfei\u00e7oamento Passivo.<\/li><li>Entreposto Aduaneiro.<\/li><li>Drawback.<\/li><li>Regimes Aduaneiros At\u00edpicos.<\/li><li>Dep\u00f3sito Alfandegado Certificado DAC.<\/li><li>Dep\u00f3sito Especial Alfandegado DEA.<\/li><\/ul>\t\t\t\t\t\t\t\t<\/div>\n\t\t\t\t<\/div>\n\t\t\t\t<\/div>\n\t\t\t\t\t<\/div>\n\t\t\t\t<\/div>\n\t\t\t\t\t<\/div>\n\t\t\t\t<\/div>\n\t\t\t\t<\/div>","protected":false},"excerpt":{"rendered":"<p>Regimes Especiais Transito Aduaneiro. Admiss\u00e3o Tempor\u00e1ria. Exporta\u00e7\u00e3o Tempor\u00e1ria. Exporta\u00e7\u00e3o Tempor\u00e1ria para aperfei\u00e7oamento Passivo. Entreposto Aduaneiro. Drawback. Regimes Aduaneiros At\u00edpicos. Dep\u00f3sito Alfandegado Certificado DAC. Dep\u00f3sito Especial Alfandegado DEA.<\/p>","protected":false},"author":1,"featured_media":0,"parent":0,"menu_order":0,"comment_status":"closed","ping_status":"closed","template":"","meta":{"om_disable_all_campaigns":false,"_monsterinsights_skip_tracking":false,"_monsterinsights_sitenote_active":false,"_monsterinsights_sitenote_note":"","_monsterinsights_sitenote_category":0,"footnotes":""},"class_list":["post-438","page","type-page","status-publish","hentry"],"aioseo_notices":[],"_links":{"self":[{"href":"https:\/\/www.exactaaduana.com.br\/es\/wp-json\/wp\/v2\/pages\/438","targetHints":{"allow":["GET"]}}],"collection":[{"href":"https:\/\/www.exactaaduana.com.br\/es\/wp-json\/wp\/v2\/pages"}],"about":[{"href":"https:\/\/www.exactaaduana.com.br\/es\/wp-json\/wp\/v2\/types\/page"}],"author":[{"embeddable":true,"href":"https:\/\/www.exactaaduana.com.br\/es\/wp-json\/wp\/v2\/users\/1"}],"replies":[{"embeddable":true,"href":"https:\/\/www.exactaaduana.com.br\/es\/wp-json\/wp\/v2\/comments?post=438"}],"version-history":[{"count":4,"href":"https:\/\/www.exactaaduana.com.br\/es\/wp-json\/wp\/v2\/pages\/438\/revisions"}],"predecessor-version":[{"id":460,"href":"https:\/\/www.exactaaduana.com.br\/es\/wp-json\/wp\/v2\/pages\/438\/revisions\/460"}],"wp:attachment":[{"href":"https:\/\/www.exactaaduana.com.br\/es\/wp-json\/wp\/v2\/media?parent=438"}],"curies":[{"name":"wp","href":"https:\/\/api.w.org\/{rel}","templated":true}]}}