{"id":461,"date":"2024-02-12T21:45:14","date_gmt":"2024-02-13T00:45:14","guid":{"rendered":"https:\/\/www.exactaaduana.com.br\/?page_id=461"},"modified":"2024-02-16T09:49:11","modified_gmt":"2024-02-16T12:49:11","slug":"logistica","status":"publish","type":"page","link":"https:\/\/www.exactaaduana.com.br\/es\/logistica\/","title":{"rendered":"Log\u00edstica"},"content":{"rendered":"<div data-elementor-type=\"wp-page\" data-elementor-id=\"461\" class=\"elementor elementor-461\" data-elementor-post-type=\"page\">\n\t\t\t\t<div class=\"elementor-element elementor-element-c0ae9ba e-flex e-con-boxed e-con e-parent\" data-id=\"c0ae9ba\" data-element_type=\"container\">\n\t\t\t\t\t<div class=\"e-con-inner\">\n\t\t\t\t<div class=\"elementor-element elementor-element-78a4732 elementor-widget elementor-widget-heading\" data-id=\"78a4732\" data-element_type=\"widget\" data-widget_type=\"heading.default\">\n\t\t\t\t<div class=\"elementor-widget-container\">\n\t\t\t\t\t<h1 class=\"elementor-heading-title elementor-size-default\">Log\u00edstica<\/h1>\t\t\t\t<\/div>\n\t\t\t\t<\/div>\n\t\t\t\t\t<\/div>\n\t\t\t\t<\/div>\n\t\t<div class=\"elementor-element elementor-element-92e4573 e-flex e-con-boxed e-con e-parent\" data-id=\"92e4573\" data-element_type=\"container\">\n\t\t\t\t\t<div class=\"e-con-inner\">\n\t\t<div class=\"elementor-element elementor-element-bc8743b e-flex e-con-boxed e-con e-child\" data-id=\"bc8743b\" data-element_type=\"container\">\n\t\t\t\t\t<div class=\"e-con-inner\">\n\t\t<div class=\"elementor-element elementor-element-43cfc2d e-con-full e-flex e-con e-child\" data-id=\"43cfc2d\" data-element_type=\"container\">\n\t\t\t\t<div class=\"elementor-element elementor-element-f735e61 elementor-widget elementor-widget-image\" data-id=\"f735e61\" data-element_type=\"widget\" data-widget_type=\"image.default\">\n\t\t\t\t<div class=\"elementor-widget-container\">\n\t\t\t\t\t\t\t\t\t\t\t\t\t\t\t<img fetchpriority=\"high\" decoding=\"async\" width=\"600\" height=\"600\" src=\"https:\/\/www.exactaaduana.com.br\/wp-content\/uploads\/2024\/02\/nova_imagem_exacta_aviao.jpg\" class=\"attachment-full size-full wp-image-219\" alt=\"Exacta Log\" srcset=\"https:\/\/www.exactaaduana.com.br\/wp-content\/uploads\/2024\/02\/nova_imagem_exacta_aviao.jpg 600w, https:\/\/www.exactaaduana.com.br\/wp-content\/uploads\/2024\/02\/nova_imagem_exacta_aviao-300x300.jpg 300w, https:\/\/www.exactaaduana.com.br\/wp-content\/uploads\/2024\/02\/nova_imagem_exacta_aviao-150x150.jpg 150w, https:\/\/www.exactaaduana.com.br\/wp-content\/uploads\/2024\/02\/nova_imagem_exacta_aviao-12x12.jpg 12w\" sizes=\"(max-width: 600px) 100vw, 600px\" \/>\t\t\t\t\t\t\t\t\t\t\t\t\t\t\t<\/div>\n\t\t\t\t<\/div>\n\t\t\t\t<\/div>\n\t\t<div class=\"elementor-element elementor-element-3a42f91 e-con-full e-flex e-con e-child\" data-id=\"3a42f91\" data-element_type=\"container\">\n\t\t\t\t<div class=\"elementor-element elementor-element-d6aecc2 elementor-widget elementor-widget-image\" data-id=\"d6aecc2\" data-element_type=\"widget\" data-widget_type=\"image.default\">\n\t\t\t\t<div class=\"elementor-widget-container\">\n\t\t\t\t\t\t\t\t\t\t\t\t\t\t\t<img decoding=\"async\" width=\"400\" height=\"264\" src=\"https:\/\/www.exactaaduana.com.br\/wp-content\/uploads\/2024\/01\/exata-log-logotipo-removebg-preview.png\" class=\"attachment-full size-full wp-image-118\" alt=\"\" srcset=\"https:\/\/www.exactaaduana.com.br\/wp-content\/uploads\/2024\/01\/exata-log-logotipo-removebg-preview.png 400w, https:\/\/www.exactaaduana.com.br\/wp-content\/uploads\/2024\/01\/exata-log-logotipo-removebg-preview-300x198.png 300w, https:\/\/www.exactaaduana.com.br\/wp-content\/uploads\/2024\/01\/exata-log-logotipo-removebg-preview-18x12.png 18w\" sizes=\"(max-width: 400px) 100vw, 400px\" \/>\t\t\t\t\t\t\t\t\t\t\t\t\t\t\t<\/div>\n\t\t\t\t<\/div>\n\t\t\t\t<div class=\"elementor-element elementor-element-3a2517e elementor-widget elementor-widget-text-editor\" data-id=\"3a2517e\" data-element_type=\"widget\" data-widget_type=\"text-editor.default\">\n\t\t\t\t<div class=\"elementor-widget-container\">\n\t\t\t\t\t\t\t\t\t<p>Complementando suas atividades no segmento aduaneiro, a Exacta se voltou, em seu processo de participa\u00e7\u00e3o no contexto do com\u00e9rcio internacional, a um aspecto important\u00edssimo de sua din\u00e2mica e que \u00e9 representado pela log\u00edstica. E neste contexto, a EXACTA LOG veio para preencher esse espa\u00e7o, quando oferece a seus clientes toda sua expertise no que diz respeito a uma melhor log\u00edstica para suas opera\u00e7\u00f5es, incluindo-se desde o transporte em geral, mar\u00edtimo, rodovi\u00e1rio e a\u00e9reo, \u00e0 movimenta\u00e7\u00e3o, armazenamento e entrega da mercadoria.<\/p>\t\t\t\t\t\t\t\t<\/div>\n\t\t\t\t<\/div>\n\t\t\t\t<\/div>\n\t\t\t\t\t<\/div>\n\t\t\t\t<\/div>\n\t\t\t\t\t<\/div>\n\t\t\t\t<\/div>\n\t\t\t\t<\/div>","protected":false},"excerpt":{"rendered":"<p>Log\u00edstica Complementando suas atividades no segmento aduaneiro, a Exacta se voltou, em seu processo de participa\u00e7\u00e3o no contexto do com\u00e9rcio internacional, a um aspecto important\u00edssimo de sua din\u00e2mica e que \u00e9 representado pela log\u00edstica. E neste contexto, a EXACTA LOG veio para preencher esse espa\u00e7o, quando oferece a seus clientes toda sua expertise no que [&hellip;]<\/p>","protected":false},"author":1,"featured_media":0,"parent":0,"menu_order":0,"comment_status":"closed","ping_status":"closed","template":"","meta":{"om_disable_all_campaigns":false,"_monsterinsights_skip_tracking":false,"_monsterinsights_sitenote_active":false,"_monsterinsights_sitenote_note":"","_monsterinsights_sitenote_category":0,"footnotes":""},"class_list":["post-461","page","type-page","status-publish","hentry"],"aioseo_notices":[],"_links":{"self":[{"href":"https:\/\/www.exactaaduana.com.br\/es\/wp-json\/wp\/v2\/pages\/461","targetHints":{"allow":["GET"]}}],"collection":[{"href":"https:\/\/www.exactaaduana.com.br\/es\/wp-json\/wp\/v2\/pages"}],"about":[{"href":"https:\/\/www.exactaaduana.com.br\/es\/wp-json\/wp\/v2\/types\/page"}],"author":[{"embeddable":true,"href":"https:\/\/www.exactaaduana.com.br\/es\/wp-json\/wp\/v2\/users\/1"}],"replies":[{"embeddable":true,"href":"https:\/\/www.exactaaduana.com.br\/es\/wp-json\/wp\/v2\/comments?post=461"}],"version-history":[{"count":8,"href":"https:\/\/www.exactaaduana.com.br\/es\/wp-json\/wp\/v2\/pages\/461\/revisions"}],"predecessor-version":[{"id":588,"href":"https:\/\/www.exactaaduana.com.br\/es\/wp-json\/wp\/v2\/pages\/461\/revisions\/588"}],"wp:attachment":[{"href":"https:\/\/www.exactaaduana.com.br\/es\/wp-json\/wp\/v2\/media?parent=461"}],"curies":[{"name":"wp","href":"https:\/\/api.w.org\/{rel}","templated":true}]}}