{"id":466,"date":"2024-02-12T21:49:33","date_gmt":"2024-02-13T00:49:33","guid":{"rendered":"https:\/\/www.exactaaduana.com.br\/?page_id=466"},"modified":"2024-02-16T09:51:34","modified_gmt":"2024-02-16T12:51:34","slug":"cambio","status":"publish","type":"page","link":"https:\/\/www.exactaaduana.com.br\/es\/cambio\/","title":{"rendered":"Cambio"},"content":{"rendered":"<div data-elementor-type=\"wp-page\" data-elementor-id=\"466\" class=\"elementor elementor-466\" data-elementor-post-type=\"page\">\n\t\t\t\t<div class=\"elementor-element elementor-element-b5d6370 e-flex e-con-boxed e-con e-parent\" data-id=\"b5d6370\" data-element_type=\"container\">\n\t\t\t\t\t<div class=\"e-con-inner\">\n\t\t\t\t<div class=\"elementor-element elementor-element-3a1bc9e elementor-widget elementor-widget-heading\" data-id=\"3a1bc9e\" data-element_type=\"widget\" data-widget_type=\"heading.default\">\n\t\t\t\t<div class=\"elementor-widget-container\">\n\t\t\t\t\t<h1 class=\"elementor-heading-title elementor-size-default\">Cambio<\/h1>\t\t\t\t<\/div>\n\t\t\t\t<\/div>\n\t\t\t\t\t<\/div>\n\t\t\t\t<\/div>\n\t\t<div class=\"elementor-element elementor-element-405e89f e-flex e-con-boxed e-con e-parent\" data-id=\"405e89f\" data-element_type=\"container\">\n\t\t\t\t\t<div class=\"e-con-inner\">\n\t\t<div class=\"elementor-element elementor-element-ee7f5e0 e-flex e-con-boxed e-con e-child\" data-id=\"ee7f5e0\" data-element_type=\"container\">\n\t\t\t\t\t<div class=\"e-con-inner\">\n\t\t<div class=\"elementor-element elementor-element-0eadd94 e-con-full e-flex e-con e-child\" data-id=\"0eadd94\" data-element_type=\"container\">\n\t\t\t\t<div class=\"elementor-element elementor-element-6a1b511 elementor-widget elementor-widget-image\" data-id=\"6a1b511\" data-element_type=\"widget\" data-widget_type=\"image.default\">\n\t\t\t\t<div class=\"elementor-widget-container\">\n\t\t\t\t\t\t\t\t\t\t\t\t\t\t\t<img fetchpriority=\"high\" decoding=\"async\" width=\"600\" height=\"600\" src=\"https:\/\/www.exactaaduana.com.br\/wp-content\/uploads\/2024\/01\/600-imagem-exacta-cambio.jpg\" class=\"attachment-full size-full wp-image-116\" alt=\"Exacta C\u00e2mbios Exchange\" srcset=\"https:\/\/www.exactaaduana.com.br\/wp-content\/uploads\/2024\/01\/600-imagem-exacta-cambio.jpg 600w, https:\/\/www.exactaaduana.com.br\/wp-content\/uploads\/2024\/01\/600-imagem-exacta-cambio-300x300.jpg 300w, https:\/\/www.exactaaduana.com.br\/wp-content\/uploads\/2024\/01\/600-imagem-exacta-cambio-150x150.jpg 150w, https:\/\/www.exactaaduana.com.br\/wp-content\/uploads\/2024\/01\/600-imagem-exacta-cambio-12x12.jpg 12w\" sizes=\"(max-width: 600px) 100vw, 600px\" \/>\t\t\t\t\t\t\t\t\t\t\t\t\t\t\t<\/div>\n\t\t\t\t<\/div>\n\t\t\t\t<\/div>\n\t\t<div class=\"elementor-element elementor-element-00cd2ac e-con-full e-flex e-con e-child\" data-id=\"00cd2ac\" data-element_type=\"container\">\n\t\t\t\t<div class=\"elementor-element elementor-element-4f79e4d elementor-widget elementor-widget-text-editor\" data-id=\"4f79e4d\" data-element_type=\"widget\" data-widget_type=\"text-editor.default\">\n\t\t\t\t<div class=\"elementor-widget-container\">\n\t\t\t\t\t\t\t\t\t<p>Comprar ou vender para o exterior n\u00e3o \u00e9 f\u00e1cil. \u00c9 preciso conhecer os mercados fora do Brasil, entender necessidades, criar demandas, entender as valoriza\u00e7\u00f5es ou desvaloriza\u00e7\u00f5es do real em rela\u00e7\u00e3o a outras moedas e muito mais. Neste contexto, saiba que contratar uma assessoria cambial \u00e9 uma excelente ideia.<\/p><p>Assessoria em opera\u00e7\u00f5es de c\u00e2mbio de exporta\u00e7\u00e3o e ou importa\u00e7\u00e3o junto a institui\u00e7\u00f5es financeiras.<br \/>An\u00e1lise de Cartas de Cr\u00e9dito.<br \/>D\u00favidas? <a href=\"https:\/\/www.exactaaduana.com.br\/es\/contato\/\"><strong>Fale conosco!<\/strong><\/a><\/p>\t\t\t\t\t\t\t\t<\/div>\n\t\t\t\t<\/div>\n\t\t\t\t<\/div>\n\t\t\t\t\t<\/div>\n\t\t\t\t<\/div>\n\t\t\t\t\t<\/div>\n\t\t\t\t<\/div>\n\t\t\t\t<\/div>","protected":false},"excerpt":{"rendered":"<p>C\u00e2mbio Comprar ou vender para o exterior n\u00e3o \u00e9 f\u00e1cil. \u00c9 preciso conhecer os mercados fora do Brasil, entender necessidades, criar demandas, entender as valoriza\u00e7\u00f5es ou desvaloriza\u00e7\u00f5es do real em rela\u00e7\u00e3o a outras moedas e muito mais. Neste contexto, saiba que contratar uma assessoria cambial \u00e9 uma excelente ideia. Assessoria em opera\u00e7\u00f5es de c\u00e2mbio de [&hellip;]<\/p>","protected":false},"author":1,"featured_media":0,"parent":0,"menu_order":0,"comment_status":"closed","ping_status":"closed","template":"","meta":{"om_disable_all_campaigns":false,"_monsterinsights_skip_tracking":false,"_monsterinsights_sitenote_active":false,"_monsterinsights_sitenote_note":"","_monsterinsights_sitenote_category":0,"footnotes":""},"class_list":["post-466","page","type-page","status-publish","hentry"],"aioseo_notices":[],"_links":{"self":[{"href":"https:\/\/www.exactaaduana.com.br\/es\/wp-json\/wp\/v2\/pages\/466","targetHints":{"allow":["GET"]}}],"collection":[{"href":"https:\/\/www.exactaaduana.com.br\/es\/wp-json\/wp\/v2\/pages"}],"about":[{"href":"https:\/\/www.exactaaduana.com.br\/es\/wp-json\/wp\/v2\/types\/page"}],"author":[{"embeddable":true,"href":"https:\/\/www.exactaaduana.com.br\/es\/wp-json\/wp\/v2\/users\/1"}],"replies":[{"embeddable":true,"href":"https:\/\/www.exactaaduana.com.br\/es\/wp-json\/wp\/v2\/comments?post=466"}],"version-history":[{"count":16,"href":"https:\/\/www.exactaaduana.com.br\/es\/wp-json\/wp\/v2\/pages\/466\/revisions"}],"predecessor-version":[{"id":593,"href":"https:\/\/www.exactaaduana.com.br\/es\/wp-json\/wp\/v2\/pages\/466\/revisions\/593"}],"wp:attachment":[{"href":"https:\/\/www.exactaaduana.com.br\/es\/wp-json\/wp\/v2\/media?parent=466"}],"curies":[{"name":"wp","href":"https:\/\/api.w.org\/{rel}","templated":true}]}}